{"id":6158,"date":"2022-03-31T19:58:33","date_gmt":"2022-03-31T16:58:33","guid":{"rendered":"https:\/\/turskishop.com\/?post_type=product&#038;p=6158"},"modified":"2022-04-01T18:24:58","modified_gmt":"2022-04-01T15:24:58","slug":"muskatni-orascic","status":"publish","type":"product","link":"https:\/\/turskishop.com\/index.php\/product\/muskatni-orascic\/","title":{"rendered":"Mu\u0161katni Ora\u0161\u010di\u0107"},"content":{"rendered":"","protected":false},"excerpt":{"rendered":"","protected":false},"featured_media":6159,"comment_status":"open","ping_status":"closed","template":"","meta":{"om_disable_all_campaigns":false},"product_cat":[337,116],"product_tag":[206,338],"_links":{"self":[{"href":"https:\/\/turskishop.com\/index.php\/wp-json\/wp\/v2\/product\/6158"}],"collection":[{"href":"https:\/\/turskishop.com\/index.php\/wp-json\/wp\/v2\/product"}],"about":[{"href":"https:\/\/turskishop.com\/index.php\/wp-json\/wp\/v2\/types\/product"}],"replies":[{"embeddable":true,"href":"https:\/\/turskishop.com\/index.php\/wp-json\/wp\/v2\/comments?post=6158"}],"version-history":[{"count":1,"href":"https:\/\/turskishop.com\/index.php\/wp-json\/wp\/v2\/product\/6158\/revisions"}],"predecessor-version":[{"id":6160,"href":"https:\/\/turskishop.com\/index.php\/wp-json\/wp\/v2\/product\/6158\/revisions\/6160"}],"wp:featuredmedia":[{"embeddable":true,"href":"https:\/\/turskishop.com\/index.php\/wp-json\/wp\/v2\/media\/6159"}],"wp:attachment":[{"href":"https:\/\/turskishop.com\/index.php\/wp-json\/wp\/v2\/media?parent=6158"}],"wp:term":[{"taxonomy":"product_cat","embeddable":true,"href":"https:\/\/turskishop.com\/index.php\/wp-json\/wp\/v2\/product_cat?post=6158"},{"taxonomy":"product_tag","embeddable":true,"href":"https:\/\/turskishop.com\/index.php\/wp-json\/wp\/v2\/product_tag?post=6158"}],"curies":[{"name":"wp","href":"https:\/\/api.w.org\/{rel}","templated":true}]}}