{"id":5279,"date":"2021-12-11T23:00:17","date_gmt":"2021-12-11T20:00:17","guid":{"rendered":"http:\/\/turskishop.com\/?post_type=product&#038;p=5279"},"modified":"2022-04-09T20:36:54","modified_gmt":"2022-04-09T17:36:54","slug":"seyidoglu-obicna-halva-175-gr","status":"publish","type":"product","link":"https:\/\/turskishop.com\/index.php\/product\/seyidoglu-obicna-halva-175-gr\/","title":{"rendered":"Seyidoglu Obi\u010dna Halva (175 gr)"},"content":{"rendered":"<p>Primarni sastojci su pro\u010di\u0161\u0107eni puter, bra\u0161no i \u0161e\u0107er. Na bazi maslaca od ora\u0161astih plodova: Ova vrsta halve je mrvi\u010dasta i obi\u010dno se pravi od tahinija (pasta od susama) ili drugih maslaca od ora\u0161astih plodova, kao \u0161to je puter od suncokretovih sjemenki. Primarni sastojci su maslac od ora\u0161astih plodova i \u0161e\u0107er.<\/p>\n","protected":false},"excerpt":{"rendered":"<p>Primarni sastojci su pro\u010di\u0161\u0107eni puter, bra\u0161no i \u0161e\u0107er. Na bazi maslaca od ora\u0161astih plodova: Ova vrsta halve je mrvi\u010dasta i obi\u010dno se pravi od tahinija (pasta od susama) ili drugih maslaca od ora\u0161astih plodova, kao \u0161to je puter od suncokretovih sjemenki. Primarni sastojci su maslac od ora\u0161astih plodova i \u0161e\u0107er.<\/p>\n","protected":false},"featured_media":5995,"comment_status":"open","ping_status":"closed","template":"","meta":{"om_disable_all_campaigns":false},"product_cat":[117,140],"product_tag":[141,142,143],"_links":{"self":[{"href":"https:\/\/turskishop.com\/index.php\/wp-json\/wp\/v2\/product\/5279"}],"collection":[{"href":"https:\/\/turskishop.com\/index.php\/wp-json\/wp\/v2\/product"}],"about":[{"href":"https:\/\/turskishop.com\/index.php\/wp-json\/wp\/v2\/types\/product"}],"replies":[{"embeddable":true,"href":"https:\/\/turskishop.com\/index.php\/wp-json\/wp\/v2\/comments?post=5279"}],"version-history":[{"count":1,"href":"https:\/\/turskishop.com\/index.php\/wp-json\/wp\/v2\/product\/5279\/revisions"}],"predecessor-version":[{"id":5996,"href":"https:\/\/turskishop.com\/index.php\/wp-json\/wp\/v2\/product\/5279\/revisions\/5996"}],"wp:featuredmedia":[{"embeddable":true,"href":"https:\/\/turskishop.com\/index.php\/wp-json\/wp\/v2\/media\/5995"}],"wp:attachment":[{"href":"https:\/\/turskishop.com\/index.php\/wp-json\/wp\/v2\/media?parent=5279"}],"wp:term":[{"taxonomy":"product_cat","embeddable":true,"href":"https:\/\/turskishop.com\/index.php\/wp-json\/wp\/v2\/product_cat?post=5279"},{"taxonomy":"product_tag","embeddable":true,"href":"https:\/\/turskishop.com\/index.php\/wp-json\/wp\/v2\/product_tag?post=5279"}],"curies":[{"name":"wp","href":"https:\/\/api.w.org\/{rel}","templated":true}]}}