{"id":5251,"date":"2021-12-11T19:18:10","date_gmt":"2021-12-11T16:18:10","guid":{"rendered":"http:\/\/turskishop.com\/?post_type=product&#038;p=5251"},"modified":"2022-03-30T21:08:47","modified_gmt":"2022-03-30T18:08:47","slug":"salgam-doganay-sok-od-repe","status":"publish","type":"product","link":"https:\/\/turskishop.com\/index.php\/product\/salgam-doganay-sok-od-repe\/","title":{"rendered":"Salgam \/ Doganay sok od repe"},"content":{"rendered":"<p>Doganay Turnp sok Hot (1 l) je rotkvica, ljubi\u010dasta \u0161argarepa, voda, so, ljuta paprika i bulgur od celog zrna p\u0161enice. To je zdrav, hranljiv i ukusan napitak koji se dobija fermentacijom sa bulgurom od celog zrna p\u0161enice u trajanju od 30-40 dana. Neizostavan je napitak od \u0107evapa, posebno prijatnog ukusa koji ostaje u ustima.<\/p>\n","protected":false},"excerpt":{"rendered":"<p>Doganay Turnp sok Hot (1 l) je rotkvica, ljubi\u010dasta \u0161argarepa, voda, so, ljuta paprika i bulgur od celog zrna p\u0161enice. To je zdrav, hranljiv i ukusan napitak koji se dobija fermentacijom sa bulgurom od celog zrna p\u0161enice u trajanju od 30-40 dana. Neizostavan je napitak od \u0107evapa, posebno prijatnog ukusa koji ostaje u ustima.<\/p>\n","protected":false},"featured_media":6004,"comment_status":"open","ping_status":"closed","template":"","meta":{"om_disable_all_campaigns":false},"product_cat":[117,134],"product_tag":[],"_links":{"self":[{"href":"https:\/\/turskishop.com\/index.php\/wp-json\/wp\/v2\/product\/5251"}],"collection":[{"href":"https:\/\/turskishop.com\/index.php\/wp-json\/wp\/v2\/product"}],"about":[{"href":"https:\/\/turskishop.com\/index.php\/wp-json\/wp\/v2\/types\/product"}],"replies":[{"embeddable":true,"href":"https:\/\/turskishop.com\/index.php\/wp-json\/wp\/v2\/comments?post=5251"}],"version-history":[{"count":2,"href":"https:\/\/turskishop.com\/index.php\/wp-json\/wp\/v2\/product\/5251\/revisions"}],"predecessor-version":[{"id":5903,"href":"https:\/\/turskishop.com\/index.php\/wp-json\/wp\/v2\/product\/5251\/revisions\/5903"}],"wp:featuredmedia":[{"embeddable":true,"href":"https:\/\/turskishop.com\/index.php\/wp-json\/wp\/v2\/media\/6004"}],"wp:attachment":[{"href":"https:\/\/turskishop.com\/index.php\/wp-json\/wp\/v2\/media?parent=5251"}],"wp:term":[{"taxonomy":"product_cat","embeddable":true,"href":"https:\/\/turskishop.com\/index.php\/wp-json\/wp\/v2\/product_cat?post=5251"},{"taxonomy":"product_tag","embeddable":true,"href":"https:\/\/turskishop.com\/index.php\/wp-json\/wp\/v2\/product_tag?post=5251"}],"curies":[{"name":"wp","href":"https:\/\/api.w.org\/{rel}","templated":true}]}}