{"id":610,"date":"2021-08-26T09:00:12","date_gmt":"2021-08-26T09:00:12","guid":{"rendered":"https:\/\/el3.thembaydev.com\/greenmart_fresh\/?page_id=610"},"modified":"2021-12-05T20:29:55","modified_gmt":"2021-12-05T17:29:55","slug":"about-us-2","status":"publish","type":"page","link":"https:\/\/turskishop.com\/index.php\/about-us-2\/","title":{"rendered":"About Us"},"content":{"rendered":"\t\t<div data-elementor-type=\"wp-page\" data-elementor-id=\"610\" class=\"elementor elementor-610\" data-elementor-settings=\"[]\">\n\t\t\t\t\t\t\t<div class=\"elementor-section-wrap\">\n\t\t\t\t\t\t\t<section class=\"elementor-section elementor-top-section elementor-element elementor-element-117063a elementor-section-stretched elementor-section-boxed elementor-section-height-default elementor-section-height-default\" data-id=\"117063a\" data-element_type=\"section\" data-settings=\"{&quot;stretch_section&quot;:&quot;section-stretched&quot;,&quot;background_background&quot;:&quot;classic&quot;}\">\n\t\t\t\t\t\t\t<div class=\"elementor-background-overlay\"><\/div>\n\t\t\t\t\t\t\t<div class=\"elementor-container elementor-column-gap-default\">\n\t\t\t\t\t<div class=\"elementor-column elementor-col-100 elementor-top-column elementor-element elementor-element-41c7c10\" data-id=\"41c7c10\" data-element_type=\"column\">\n\t\t\t<div class=\"elementor-widget-wrap elementor-element-populated\">\n\t\t\t\t\t\t\t\t<div class=\"elementor-element elementor-element-f1891e0 elementor-widget elementor-widget-tbay-heading\" data-id=\"f1891e0\" data-element_type=\"widget\" data-widget_type=\"tbay-heading.default\">\n\t\t\t\t<div class=\"elementor-widget-container\">\n\t\t\t\r\n<div class=\"tbay-element tbay-element-heading\">\r\n\t\t\t\t<h3 class=\"heading-tbay-title\">\r\n\t\t\t\t\t\t\t\t\t<span class=\"title\">Dobrodo\u0161li<\/span>\r\n\t\t\t\t\t    \t\r\n\t\t\t\t\t\t\t<\/h3>\r\n\t\t<\/div>\t\t<\/div>\n\t\t\t\t<\/div>\n\t\t\t\t<div class=\"elementor-element elementor-element-6df5911 elementor-widget elementor-widget-tbay-heading\" data-id=\"6df5911\" data-element_type=\"widget\" data-widget_type=\"tbay-heading.default\">\n\t\t\t\t<div class=\"elementor-widget-container\">\n\t\t\t\r\n<div class=\"tbay-element tbay-element-heading\">\r\n\t\t\t\t<h3 class=\"heading-tbay-title\">\r\n\t\t\t\t\t\t\t\t\t<span class=\"title\">Turski Shop<\/span>\r\n\t\t\t\t\t    \t\r\n\t\t\t\t\t\t\t<\/h3>\r\n\t\t<\/div>\t\t<\/div>\n\t\t\t\t<\/div>\n\t\t\t\t<div class=\"elementor-element elementor-element-ee522c0 elementor-widget elementor-widget-tbay-heading\" data-id=\"ee522c0\" data-element_type=\"widget\" data-widget_type=\"tbay-heading.default\">\n\t\t\t\t<div class=\"elementor-widget-container\">\n\t\t\t\r\n<div class=\"tbay-element tbay-element-heading\">\r\n\t\t\t\t<h3 class=\"heading-tbay-title\">\r\n\t\t\t\t\t\t\t\t\t<span class=\"title\">Svaki poljoprivrednik nastoji prona\u0107i <br> dobru vrijednost za svoje usjeve. <br><\/span>\r\n\t\t\t\t\t    \t\r\n\t\t\t\t\t\t\t<\/h3>\r\n\t\t<\/div>\t\t<\/div>\n\t\t\t\t<\/div>\n\t\t\t\t\t<\/div>\n\t\t<\/div>\n\t\t\t\t\t\t\t<\/div>\n\t\t<\/section>\n\t\t\t\t<section class=\"elementor-section elementor-top-section elementor-element elementor-element-cbeea41 elementor-section-stretched elementor-section-boxed elementor-section-height-default elementor-section-height-default\" data-id=\"cbeea41\" data-element_type=\"section\" data-settings=\"{&quot;stretch_section&quot;:&quot;section-stretched&quot;}\">\n\t\t\t\t\t\t<div class=\"elementor-container elementor-column-gap-default\">\n\t\t\t\t\t<div class=\"elementor-column elementor-col-100 elementor-top-column elementor-element elementor-element-f75c031\" data-id=\"f75c031\" data-element_type=\"column\">\n\t\t\t<div class=\"elementor-widget-wrap elementor-element-populated\">\n\t\t\t\t\t\t\t\t<div class=\"elementor-element elementor-element-85dc0ee elementor-widget elementor-widget-text-editor\" data-id=\"85dc0ee\" data-element_type=\"widget\" data-widget_type=\"text-editor.default\">\n\t\t\t\t<div class=\"elementor-widget-container\">\n\t\t\t<style>\/*! elementor - v3.5.3 - 28-12-2021 *\/\n.elementor-widget-text-editor.elementor-drop-cap-view-stacked .elementor-drop-cap{background-color:#818a91;color:#fff}.elementor-widget-text-editor.elementor-drop-cap-view-framed .elementor-drop-cap{color:#818a91;border:3px solid;background-color:transparent}.elementor-widget-text-editor:not(.elementor-drop-cap-view-default) .elementor-drop-cap{margin-top:8px}.elementor-widget-text-editor:not(.elementor-drop-cap-view-default) .elementor-drop-cap-letter{width:1em;height:1em}.elementor-widget-text-editor .elementor-drop-cap{float:left;text-align:center;line-height:1;font-size:50px}.elementor-widget-text-editor .elementor-drop-cap-letter{display:inline-block}<\/style>\t\t\t\t<p>Kvalitetno Turski Market \u00a0Sarajeva dugo radi. Kupci TurskiShop-a mogu prona\u0107i sve proizvode koje su propustili i mogu lako kupovati online. Ljudi iz cijele Bosne obi\u010dno mogu naru\u010diti iz TurskiShopa.<br \/><br \/><\/p><p>Zahvaljuju\u0107i jedinstvenoj tehnologiji TurskiShop i dizajnu prilago\u0111enom potro\u0161a\u010dima, potro\u0161a\u010di mogu kupiti turske proizvode koje su lako propustili. Potro\u0161a\u010di mogu platiti svoje narud\u017ebe sa sigurnim i vi\u0161estrukim opcijama, a mi isporu\u010dujemo va\u0161e narud\u017ebe s najboljim i najbr\u017eim kargo kompanijama u BiH.<br \/><br \/><\/p><p>TurskiShop pru\u017ea sigurnu, potro\u0161a\u010du prilago\u0111enu, tehnolo\u0161ku i inovativnu web stranicu tako da svoju kupovinu na tr\u017ei\u0161tu mo\u017eete obaviti brzo i jednostavno. Zahvaljuju\u0107i na\u0161im novim podru\u010djima za besplatne dostave \/ sni\u017eenim proizvodima i sedmi\u010dnim mjese\u010dnim rasprodajama, mnogi ljudi radije kupuju TurskiShop.<br \/><br \/><\/p><p>Specijalizirani smo za prodaju \u0161irokog spektra autenti\u010dnih i te\u0161ko dostupnih turskih proizvoda, doma\u0107ih i me\u0111unarodnih brendova prehrambenih proizvoda, svje\u017eih proizvoda i delikatesnih artikala. Raznolikost na\u0161ih proizvoda ogleda se ne samo u na\u0161im prekrasnim proizvodima, ve\u0107 iu kulturnoj i etni\u010dkoj mje\u0161avini na\u0161ih divnih kupaca i na\u0161ih zaposlenika. Evo nekoliko najva\u017enijih detalja onoga \u0161to mo\u017eete prona\u0107i na na\u0161oj prijateljskoj web stranici:<br \/><br \/><\/p><p>&#8211; Autenti\u010dne Turski \u00a0stvari, neke direktno uvezene kod nas. U regionu postoji mnogo &#8216;bliskoisto\u010dnih prodavnica&#8217;, ali nijedna koja vam ne donosi autenti\u010dne ukuse Turske kao mi, jer nisu Turske. Bilo da ste ljubitelj baklave, ili izbirljivi u vezi sa feta sirom, ili vam nedostaje onaj autenti\u010dni sucuk, ili d\u017eem od vi\u0161anja, ili \u010dajni keks, ovdje \u0107ete prona\u0107i sve poznate turske ukuse. Ukoliko \u017eelite da pravite autenti\u010dni turski \u010daj ili tursku kafu, mi nosimo opremu kao i originalne turske \u010dajeve i kafu.<br \/><br \/><\/p><p>&#8211; \u0160irok izbor internacionalnih prehrambenih artikala za kuhinje tog regiona. Imamo perzijske, jermenske, gr\u010dke, arapske, bosanski i mediteranske artikle.<br \/><br \/><\/p><p>&#8211; Na\u0161i svje\u017ei proizvodi su najvi\u0161eg kvaliteta i po najpovoljnijim cijenama koje mo\u017eete prona\u0107i. Kada posjetite, mo\u0107i \u0107ete uo\u010diti razliku jer pa\u017eljivo biramo samo najkvalitetnije artikle koje donosimo u na\u0161u trgovinu. I bi\u0107ete iznena\u0111eni koliko su niske cene za proizvode visokog kvaliteta. U sezoni \u0107ete prona\u0107i i jedinstvene proizvode kao \u0161to su svje\u017ee hurme, kisele \u0161ljive ili zeleni bademi.<br \/><br \/><\/p><p>&#8211; Na\u0161a delikatesa ima razne narezke, sireve, masline i druge artikle. Mo\u017eemo narezati va\u0161u pastirmu kako \u017eelite, ili vam dati kolut &#8216;Sucuk&#8217; koji ide uz va\u0161a jaja, ili kri\u0161ku &#8216;Kasara&#8217; (Kasseri) za va\u0161 specijalni ro\u0161tilj na \u017earu.<br \/><br \/><\/p><p>&#8211; U na\u0161em hla\u0111enom dijelu na\u0107i \u0107ete nacionalne brendove mlije\u010dnih proizvoda i ukusne selekcije jogurta, kao i neke posebno pripremljene namirnice poput \u201eboreka\u201c ili \u201elahmacuna\u201c, ru\u010dno ra\u0111ene od strane doma\u0107ih zanatlija.<br \/><br \/><\/p><p>&#8211; Na\u0161a rasuta roba vam pru\u017ea \u0161irok izbor ora\u0161astih plodova, \u017eitarica, pirin\u010da i drugih artikala u koli\u010dinama koje \u017eelite. Mo\u017eda \u0107e vam se posebno svidjeti autenti\u010dni, manji, ali ukusniji turski pistacije, koji se ovdje ne mogu na\u0107i.<br \/><br \/><\/p><p>Sve ovo i vi\u0161e donosimo vam putem interneta, bez obzira gdje se nalazite u SAD-u.<\/p><p>Mo\u017eete nas pratiti na dru\u0161tvenim mre\u017eama ili direktno stupiti u kontakt s nama.<\/p><p>TurskiShop Online \u2013 Va\u0161e online Tursko tr\u017ei\u0161te u Bosni<\/p>\t\t\t\t\t\t<\/div>\n\t\t\t\t<\/div>\n\t\t\t\t\t<\/div>\n\t\t<\/div>\n\t\t\t\t\t\t\t<\/div>\n\t\t<\/section>\n\t\t\t\t<section class=\"elementor-section elementor-top-section elementor-element elementor-element-4107f66 elementor-section-stretched elementor-section-boxed elementor-section-height-default elementor-section-height-default\" data-id=\"4107f66\" data-element_type=\"section\" data-settings=\"{&quot;stretch_section&quot;:&quot;section-stretched&quot;}\">\n\t\t\t\t\t\t<div class=\"elementor-container elementor-column-gap-default\">\n\t\t\t\t\t<div class=\"elementor-column elementor-col-100 elementor-top-column elementor-element elementor-element-9543574\" data-id=\"9543574\" data-element_type=\"column\">\n\t\t\t<div class=\"elementor-widget-wrap elementor-element-populated\">\n\t\t\t\t\t\t\t\t<div class=\"elementor-element elementor-element-76ad7f4 elementor-aspect-ratio-169 elementor-widget elementor-widget-video\" data-id=\"76ad7f4\" data-element_type=\"widget\" data-settings=\"{&quot;youtube_url&quot;:&quot;https:\\\/\\\/www.youtube.com\\\/watch?v=9Jv7VgEATvw&quot;,&quot;show_image_overlay&quot;:&quot;yes&quot;,&quot;image_overlay&quot;:{&quot;url&quot;:&quot;https:\\\/\\\/el3.thembaydev.com\\\/greenmart_fresh\\\/wp-content\\\/uploads\\\/2021\\\/09\\\/bg-video-about.jpg&quot;,&quot;id&quot;:1354,&quot;alt&quot;:&quot;&quot;,&quot;source&quot;:&quot;library&quot;},&quot;mute&quot;:&quot;yes&quot;,&quot;video_type&quot;:&quot;youtube&quot;,&quot;controls&quot;:&quot;yes&quot;,&quot;aspect_ratio&quot;:&quot;169&quot;}\" data-widget_type=\"video.default\">\n\t\t\t\t<div class=\"elementor-widget-container\">\n\t\t\t<style>\/*! elementor - v3.5.3 - 28-12-2021 *\/\n.elementor-widget-video .elementor-widget-container{overflow:hidden;-webkit-transform:translateZ(0);transform:translateZ(0)}.elementor-widget-video .elementor-open-inline .elementor-custom-embed-image-overlay{position:absolute;top:0;left:0;width:100%;height:100%;-webkit-background-size:cover;background-size:cover;background-position:50%}.elementor-widget-video .elementor-custom-embed-image-overlay{cursor:pointer;text-align:center}.elementor-widget-video .elementor-custom-embed-image-overlay:hover .elementor-custom-embed-play i{opacity:1}.elementor-widget-video .elementor-custom-embed-image-overlay img{display:block;width:100%}.elementor-widget-video .e-hosted-video .elementor-video{-o-object-fit:cover;object-fit:cover}<\/style>\t\t<div class=\"elementor-wrapper elementor-fit-aspect-ratio elementor-open-inline\">\n\t\t\t<div class=\"elementor-video\"><\/div>\t\t\t\t<div class=\"elementor-custom-embed-image-overlay\" style=\"background-image: url();\">\n\t\t\t\t\t\t\t\t\t\t\t\t\t\t\t\t<div class=\"elementor-custom-embed-play\" role=\"button\">\n\t\t\t\t\t\t\t<i aria-hidden=\"true\" class=\"eicon-play\"><\/i>\t\t\t\t\t\t\t<span class=\"elementor-screen-only\">Pokreni video<\/span>\n\t\t\t\t\t\t<\/div>\n\t\t\t\t\t\t\t\t\t<\/div>\n\t\t\t\t\t<\/div>\n\t\t\t\t<\/div>\n\t\t\t\t<\/div>\n\t\t\t\t\t<\/div>\n\t\t<\/div>\n\t\t\t\t\t\t\t<\/div>\n\t\t<\/section>\n\t\t\t\t<section class=\"elementor-section elementor-top-section elementor-element elementor-element-eaab3bf elementor-section-stretched elementor-section-boxed elementor-section-height-default elementor-section-height-default\" data-id=\"eaab3bf\" data-element_type=\"section\" data-settings=\"{&quot;stretch_section&quot;:&quot;section-stretched&quot;,&quot;background_background&quot;:&quot;classic&quot;}\">\n\t\t\t\t\t\t<div class=\"elementor-container elementor-column-gap-default\">\n\t\t\t\t\t<div class=\"elementor-column elementor-col-100 elementor-top-column elementor-element elementor-element-3c81574\" data-id=\"3c81574\" data-element_type=\"column\">\n\t\t\t<div class=\"elementor-widget-wrap elementor-element-populated\">\n\t\t\t\t\t\t\t\t<section class=\"elementor-section elementor-inner-section elementor-element elementor-element-7fbc791 elementor-section-boxed elementor-section-height-default elementor-section-height-default\" data-id=\"7fbc791\" data-element_type=\"section\">\n\t\t\t\t\t\t<div class=\"elementor-container elementor-column-gap-no\">\n\t\t\t\t\t<div class=\"elementor-column elementor-col-33 elementor-inner-column elementor-element elementor-element-29fa024\" data-id=\"29fa024\" data-element_type=\"column\">\n\t\t\t<div class=\"elementor-widget-wrap elementor-element-populated\">\n\t\t\t\t\t\t\t\t<div class=\"elementor-element elementor-element-373665f elementor-view-default elementor-position-top elementor-vertical-align-top elementor-widget elementor-widget-icon-box\" data-id=\"373665f\" data-element_type=\"widget\" data-widget_type=\"icon-box.default\">\n\t\t\t\t<div class=\"elementor-widget-container\">\n\t\t\t<style>\/*! elementor - v3.5.3 - 28-12-2021 *\/\n@media (min-width:768px){.elementor-widget-icon-box.elementor-position-left .elementor-icon-box-wrapper,.elementor-widget-icon-box.elementor-position-right .elementor-icon-box-wrapper{display:-webkit-box;display:-ms-flexbox;display:flex}.elementor-widget-icon-box.elementor-position-left .elementor-icon-box-icon,.elementor-widget-icon-box.elementor-position-right .elementor-icon-box-icon{display:-webkit-inline-box;display:-ms-inline-flexbox;display:inline-flex;-webkit-box-flex:0;-ms-flex:0 0 auto;flex:0 0 auto}.elementor-widget-icon-box.elementor-position-right .elementor-icon-box-wrapper{text-align:right;-webkit-box-orient:horizontal;-webkit-box-direction:reverse;-ms-flex-direction:row-reverse;flex-direction:row-reverse}.elementor-widget-icon-box.elementor-position-left .elementor-icon-box-wrapper{text-align:left;-webkit-box-orient:horizontal;-webkit-box-direction:normal;-ms-flex-direction:row;flex-direction:row}.elementor-widget-icon-box.elementor-position-top .elementor-icon-box-img{margin:auto}.elementor-widget-icon-box.elementor-vertical-align-top .elementor-icon-box-wrapper{-webkit-box-align:start;-ms-flex-align:start;align-items:flex-start}.elementor-widget-icon-box.elementor-vertical-align-middle .elementor-icon-box-wrapper{-webkit-box-align:center;-ms-flex-align:center;align-items:center}.elementor-widget-icon-box.elementor-vertical-align-bottom .elementor-icon-box-wrapper{-webkit-box-align:end;-ms-flex-align:end;align-items:flex-end}}@media (max-width:767px){.elementor-widget-icon-box .elementor-icon-box-icon{margin-left:auto!important;margin-right:auto!important;margin-bottom:15px}}.elementor-widget-icon-box .elementor-icon-box-wrapper{text-align:center}.elementor-widget-icon-box .elementor-icon-box-title a{color:inherit}.elementor-widget-icon-box .elementor-icon-box-content{-webkit-box-flex:1;-ms-flex-positive:1;flex-grow:1}.elementor-widget-icon-box .elementor-icon-box-description{margin:0}<\/style>\t\t<div class=\"elementor-icon-box-wrapper\">\n\t\t\t\t\t\t<div class=\"elementor-icon-box-icon\">\n\t\t\t\t<span class=\"elementor-icon elementor-animation-\" >\n\t\t\t\t<i aria-hidden=\"true\" class=\"tb-icon tb-icon-zz-smart-farm\"><\/i>\t\t\t\t<\/span>\n\t\t\t<\/div>\n\t\t\t\t\t\t<div class=\"elementor-icon-box-content\">\n\t\t\t\t<h3 class=\"elementor-icon-box-title\">\n\t\t\t\t\t<span  >\n\t\t\t\t\t\tOd farme do va\u0161eg kuca\t\t\t\t\t<\/span>\n\t\t\t\t<\/h3>\n\t\t\t\t\t\t\t<\/div>\n\t\t<\/div>\n\t\t\t\t<\/div>\n\t\t\t\t<\/div>\n\t\t\t\t\t<\/div>\n\t\t<\/div>\n\t\t\t\t<div class=\"elementor-column elementor-col-33 elementor-inner-column elementor-element elementor-element-a938e4d\" data-id=\"a938e4d\" data-element_type=\"column\">\n\t\t\t<div class=\"elementor-widget-wrap elementor-element-populated\">\n\t\t\t\t\t\t\t\t<div class=\"elementor-element elementor-element-4528986 elementor-view-default elementor-position-top elementor-vertical-align-top elementor-widget elementor-widget-icon-box\" data-id=\"4528986\" data-element_type=\"widget\" data-widget_type=\"icon-box.default\">\n\t\t\t\t<div class=\"elementor-widget-container\">\n\t\t\t\t\t<div class=\"elementor-icon-box-wrapper\">\n\t\t\t\t\t\t<div class=\"elementor-icon-box-icon\">\n\t\t\t\t<span class=\"elementor-icon elementor-animation-\" >\n\t\t\t\t<i aria-hidden=\"true\" class=\"tb-icon tb-icon-zz-connect\"><\/i>\t\t\t\t<\/span>\n\t\t\t<\/div>\n\t\t\t\t\t\t<div class=\"elementor-icon-box-content\">\n\t\t\t\t<h3 class=\"elementor-icon-box-title\">\n\t\t\t\t\t<span  >\n\t\t\t\t\t\tTimska snaga\t\t\t\t\t<\/span>\n\t\t\t\t<\/h3>\n\t\t\t\t\t\t\t<\/div>\n\t\t<\/div>\n\t\t\t\t<\/div>\n\t\t\t\t<\/div>\n\t\t\t\t\t<\/div>\n\t\t<\/div>\n\t\t\t\t<div class=\"elementor-column elementor-col-33 elementor-inner-column elementor-element elementor-element-a7e6a1e\" data-id=\"a7e6a1e\" data-element_type=\"column\">\n\t\t\t<div class=\"elementor-widget-wrap elementor-element-populated\">\n\t\t\t\t\t\t\t\t<div class=\"elementor-element elementor-element-5dcd675 elementor-view-default elementor-position-top elementor-vertical-align-top elementor-widget elementor-widget-icon-box\" data-id=\"5dcd675\" data-element_type=\"widget\" data-widget_type=\"icon-box.default\">\n\t\t\t\t<div class=\"elementor-widget-container\">\n\t\t\t\t\t<div class=\"elementor-icon-box-wrapper\">\n\t\t\t\t\t\t<div class=\"elementor-icon-box-icon\">\n\t\t\t\t<span class=\"elementor-icon elementor-animation-\" >\n\t\t\t\t<i aria-hidden=\"true\" class=\"tb-icon tb-icon-zz-agronomy\"><\/i>\t\t\t\t<\/span>\n\t\t\t<\/div>\n\t\t\t\t\t\t<div class=\"elementor-icon-box-content\">\n\t\t\t\t<h3 class=\"elementor-icon-box-title\">\n\t\t\t\t\t<span  >\n\t\t\t\t\t\tOrganska usluga\t\t\t\t\t<\/span>\n\t\t\t\t<\/h3>\n\t\t\t\t\t\t\t<\/div>\n\t\t<\/div>\n\t\t\t\t<\/div>\n\t\t\t\t<\/div>\n\t\t\t\t\t<\/div>\n\t\t<\/div>\n\t\t\t\t\t\t\t<\/div>\n\t\t<\/section>\n\t\t\t\t\t<\/div>\n\t\t<\/div>\n\t\t\t\t\t\t\t<\/div>\n\t\t<\/section>\n\t\t\t\t<section class=\"elementor-section elementor-top-section elementor-element elementor-element-5635e85 elementor-section-stretched elementor-section-boxed elementor-section-height-default elementor-section-height-default\" data-id=\"5635e85\" data-element_type=\"section\" data-settings=\"{&quot;stretch_section&quot;:&quot;section-stretched&quot;}\">\n\t\t\t\t\t\t<div class=\"elementor-container elementor-column-gap-default\">\n\t\t\t\t\t<div class=\"elementor-column elementor-col-100 elementor-top-column elementor-element elementor-element-f370b54\" data-id=\"f370b54\" data-element_type=\"column\">\n\t\t\t<div class=\"elementor-widget-wrap elementor-element-populated\">\n\t\t\t\t\t\t\t\t<div class=\"elementor-element elementor-element-14f9aff elementor-widget elementor-widget-text-editor\" data-id=\"14f9aff\" data-element_type=\"widget\" data-widget_type=\"text-editor.default\">\n\t\t\t\t<div class=\"elementor-widget-container\">\n\t\t\t\t\t\t\t<h2>Za\u0161to odabrati TurskiShop<\/h2>\t\t\t\t\t\t<\/div>\n\t\t\t\t<\/div>\n\t\t\t\t<div class=\"elementor-element elementor-element-f41376b elementor-widget elementor-widget-text-editor\" data-id=\"f41376b\" data-element_type=\"widget\" data-widget_type=\"text-editor.default\">\n\t\t\t\t<div class=\"elementor-widget-container\">\n\t\t\t\t\t\t\t<ul><li><h1><strong>Kvalitet<\/strong><\/h1><\/li><li><h1><strong>Povjerenje\u00a0 <\/strong><\/h1><\/li><li><h1><strong>Dobra cijena&#8230;<\/strong><\/h1><\/li><\/ul>\t\t\t\t\t\t<\/div>\n\t\t\t\t<\/div>\n\t\t\t\t\t<\/div>\n\t\t<\/div>\n\t\t\t\t\t\t\t<\/div>\n\t\t<\/section>\n\t\t\t\t<section class=\"elementor-section elementor-top-section elementor-element elementor-element-df931ef elementor-section-stretched elementor-section-boxed elementor-section-height-default elementor-section-height-default\" data-id=\"df931ef\" data-element_type=\"section\" data-settings=\"{&quot;stretch_section&quot;:&quot;section-stretched&quot;,&quot;background_background&quot;:&quot;classic&quot;}\">\n\t\t\t\t\t\t<div class=\"elementor-container elementor-column-gap-default\">\n\t\t\t\t\t<div class=\"elementor-column elementor-col-100 elementor-top-column elementor-element elementor-element-d00ecaa\" data-id=\"d00ecaa\" data-element_type=\"column\">\n\t\t\t<div class=\"elementor-widget-wrap elementor-element-populated\">\n\t\t\t\t\t\t\t\t<div class=\"elementor-element elementor-element-b2b6e77 elementor-widget elementor-widget-text-editor\" data-id=\"b2b6e77\" data-element_type=\"widget\" data-widget_type=\"text-editor.default\">\n\t\t\t\t<div class=\"elementor-widget-container\">\n\t\t\t\t\t\t\t<p>Koji vole va\u0161 posao<\/p>\t\t\t\t\t\t<\/div>\n\t\t\t\t<\/div>\n\t\t\t\t<div class=\"elementor-element elementor-element-cb61f04 elementor-widget elementor-widget-text-editor\" data-id=\"cb61f04\" data-element_type=\"widget\" data-widget_type=\"text-editor.default\">\n\t\t\t\t<div class=\"elementor-widget-container\">\n\t\t\t\t\t\t\t<p>Na\u0161 moto je kreirati proizvod i uslugu s kojima ste zadovoljni i koristiti ih svaki dan. Zbog toga stalno radimo na na\u0161im uslugama kako bismo ih svakim danom pobolj\u0161ali i mi zaista slu\u0161amo \u0161ta na\u0161i korisnici imaju za re\u0107i. (B.D)<\/p>\t\t\t\t\t\t<\/div>\n\t\t\t\t<\/div>\n\t\t\t\t\t<\/div>\n\t\t<\/div>\n\t\t\t\t\t\t\t<\/div>\n\t\t<\/section>\n\t\t\t\t\t\t<\/div>\n\t\t\t\t\t<\/div>\n\t\t","protected":false},"excerpt":{"rendered":"<p>Dobrodo\u0161li Turski Shop Svaki poljoprivrednik nastoji prona\u0107i dobru vrijednost za svoje usjeve. Kvalitetno Turski Market \u00a0Sarajeva dugo radi. Kupci TurskiShop-a mogu prona\u0107i sve proizvode koje su propustili i mogu lako kupovati online. Ljudi iz cijele Bosne obi\u010dno mogu naru\u010diti iz TurskiShopa. Zahvaljuju\u0107i jedinstvenoj tehnologiji TurskiShop i dizajnu prilago\u0111enom potro\u0161a\u010dima, potro\u0161a\u010di mogu kupiti turske proizvode koje &hellip; <a href=\"https:\/\/turskishop.com\/index.php\/about-us-2\/\" class=\"more-link\">Nastavite \u010ditati <span class=\"screen-reader-text\">About Us<\/span><\/a><\/p>\n","protected":false},"author":1,"featured_media":0,"parent":0,"menu_order":0,"comment_status":"closed","ping_status":"closed","template":"","meta":{"om_disable_all_campaigns":false},"_links":{"self":[{"href":"https:\/\/turskishop.com\/index.php\/wp-json\/wp\/v2\/pages\/610"}],"collection":[{"href":"https:\/\/turskishop.com\/index.php\/wp-json\/wp\/v2\/pages"}],"about":[{"href":"https:\/\/turskishop.com\/index.php\/wp-json\/wp\/v2\/types\/page"}],"author":[{"embeddable":true,"href":"https:\/\/turskishop.com\/index.php\/wp-json\/wp\/v2\/users\/1"}],"replies":[{"embeddable":true,"href":"https:\/\/turskishop.com\/index.php\/wp-json\/wp\/v2\/comments?post=610"}],"version-history":[{"count":21,"href":"https:\/\/turskishop.com\/index.php\/wp-json\/wp\/v2\/pages\/610\/revisions"}],"predecessor-version":[{"id":5031,"href":"https:\/\/turskishop.com\/index.php\/wp-json\/wp\/v2\/pages\/610\/revisions\/5031"}],"wp:attachment":[{"href":"https:\/\/turskishop.com\/index.php\/wp-json\/wp\/v2\/media?parent=610"}],"curies":[{"name":"wp","href":"https:\/\/api.w.org\/{rel}","templated":true}]}}