{"id":5595,"date":"2021-12-26T15:58:53","date_gmt":"2021-12-26T12:58:53","guid":{"rendered":"https:\/\/turskishop.com\/?page_id=5595"},"modified":"2022-01-14T19:36:17","modified_gmt":"2022-01-14T16:36:17","slug":"dostava-i-placanje","status":"publish","type":"page","link":"https:\/\/turskishop.com\/index.php\/dostava-i-placanje\/","title":{"rendered":"Dostava i pla\u0107anje"},"content":{"rendered":"<p>[vc_row][vc_column][vc_column_text]<\/p>\n<p><strong>Isporuka robe<\/strong><\/p>\n\n<p>Osigurana je isporuka robe na prostoru cijele BiH. Uobi\u010dajeno vrijeme isporuke je tijekom tri radna dana od potvrde narud\u017ebe. Robu koju prodajemo putem internet trgovine isporu\u010dujemo u originalnoj ambala\u017ei, uklju\u010duju\u0107i po potrebi dodatnu za\u0161titu od o\u0161te\u0107enja i lomova u transportu. Na dan isporuke, dostavlja\u010d \u0107e Vas obavijestiti o to\u010dnom terminu isporuke. Isporuka se obavlja do ulaznih vrata stambenog objekta.<\/p>\n\n<p>Za sva dodatna pitanja u vezi isporuke mo\u017eete kontaktirati na\u0161u korisni\u010dku podr\u0161ku putem e-mail adrese:\u00a0<strong>turskishop@gmail.com<\/strong>\u00a0ili pozivom na broj <strong>062 42 62 42<\/strong>.<\/p>\n\n<p>Cijene isporuke su istaknute prilikom formiranja naru\u017ebe.<\/p>\n\n<p><strong>Uvjeti pla\u0107anja<\/strong><\/p>\n\n<p>Pla\u0107anje za naru\u010denu robu mogu\u0107e je obaviti na dva na\u010dina:<\/p>\n\n<p>Prilikom preuzimanja robe \u2013 po pouze\u0107u. Pla\u0107anje po puze\u0107u vr\u0161i se jedino u gotovini i u doma\u0107oj (KM) valuti.<\/p>\n\n<p>Kreditnim karticama: MasterCard\u00ae, Maestro\u00ae,\u00a0 i Visa\u00ae<\/p>\n\n<p>Tajnost Va\u0161ih podataka je za\u0161ti\u0107ena i osigurana uporabom SSL enkripcije. Stranice za naplatu putem interneta osigurane su kori\u0161tenjem Secure Socket Layer (SSL) protokola sa 128-bitnom enkripcijom podataka. SSL enkripcija je postupak \u0161ifriranja podataka radi sprje\u010davanja neovla\u0161tenog pristupa prilikom njihovog prijenosa.<\/p>\n\n<p>Time je omogu\u0107en siguran prijenos informacija te onemogu\u0107en nedozvoljen pristup podacima prilikom komunikacije izme\u0111u korisnikovog ra\u010dunala i WebPay servisa, te obratno.<\/p>\n\n<p>WebPay servis i financijske ustanove razmjenjuju podatke uporabom virtualne privatne mre\u017ee (VPN), koja je za\u0161ti\u0107ena od neautoriziranog pristupa.<\/p>\n\n<p>Monri Payment Gateway je certificiran prema PCI DSS Level 1 sigurnosnom standardu propisanom Visa i MasterCard pravilima.<\/p>\n\n<p>Trgovac ne pohranjuje brojeve kreditnih kartica i brojevi nisu dostupni neovla\u0161tenim osobama.<\/p>\n\n<p><img decoding=\"async\" loading=\"lazy\" class=\"alignleft wp-image-5856\" src=\"http:\/\/turskishop.com\/wp-content\/uploads\/2022\/01\/PayWeb-e-kupovina_logo_new.png\" alt=\"\" width=\"150\" height=\"44\" \/><\/p>\n<p>[\/vc_column_text][\/vc_column][\/vc_row]<\/p>\n","protected":false},"excerpt":{"rendered":"<p>[vc_row][vc_column][vc_column_text] Isporuka robe Osigurana je isporuka robe na prostoru cijele BiH. Uobi\u010dajeno vrijeme isporuke je tijekom tri radna dana od potvrde narud\u017ebe. Robu koju prodajemo putem internet trgovine isporu\u010dujemo u originalnoj ambala\u017ei, uklju\u010duju\u0107i po potrebi dodatnu za\u0161titu od o\u0161te\u0107enja i lomova u transportu. Na dan isporuke, dostavlja\u010d \u0107e Vas obavijestiti o to\u010dnom terminu isporuke. Isporuka &hellip; <a href=\"https:\/\/turskishop.com\/index.php\/dostava-i-placanje\/\" class=\"more-link\">Nastavite \u010ditati <span class=\"screen-reader-text\">Dostava i pla\u0107anje<\/span><\/a><\/p>\n","protected":false},"author":1,"featured_media":0,"parent":0,"menu_order":0,"comment_status":"closed","ping_status":"closed","template":"","meta":{"om_disable_all_campaigns":false},"_links":{"self":[{"href":"https:\/\/turskishop.com\/index.php\/wp-json\/wp\/v2\/pages\/5595"}],"collection":[{"href":"https:\/\/turskishop.com\/index.php\/wp-json\/wp\/v2\/pages"}],"about":[{"href":"https:\/\/turskishop.com\/index.php\/wp-json\/wp\/v2\/types\/page"}],"author":[{"embeddable":true,"href":"https:\/\/turskishop.com\/index.php\/wp-json\/wp\/v2\/users\/1"}],"replies":[{"embeddable":true,"href":"https:\/\/turskishop.com\/index.php\/wp-json\/wp\/v2\/comments?post=5595"}],"version-history":[{"count":2,"href":"https:\/\/turskishop.com\/index.php\/wp-json\/wp\/v2\/pages\/5595\/revisions"}],"predecessor-version":[{"id":5862,"href":"https:\/\/turskishop.com\/index.php\/wp-json\/wp\/v2\/pages\/5595\/revisions\/5862"}],"wp:attachment":[{"href":"https:\/\/turskishop.com\/index.php\/wp-json\/wp\/v2\/media?parent=5595"}],"curies":[{"name":"wp","href":"https:\/\/api.w.org\/{rel}","templated":true}]}}